{"id":12,"date":"2025-01-31T22:31:51","date_gmt":"2025-01-31T21:31:51","guid":{"rendered":"http:\/\/liloulevenement.com\/?page_id=12"},"modified":"2025-02-09T17:38:40","modified_gmt":"2025-02-09T16:38:40","slug":"entreprises","status":"publish","type":"page","link":"https:\/\/liloulevenement.com\/index.php\/entreprises\/","title":{"rendered":"ENTREPRISES"},"content":{"rendered":"\n<p class=\"has-text-align-center\"><strong>R\u00e9alisez une soir\u00e9e d&rsquo;entreprise, bas\u00e9e sur la bonne humeur et la coh\u00e9sion. <\/strong><\/p>\n\n\n\n<p class=\"has-text-align-center\"><strong>Cette instant magique restera grav\u00e9 dans la m\u00e9moire de vos collaborateurs.<\/strong><\/p>\n\n\n\n<p class=\"has-text-align-center\"><strong><em>Prenez soin de vos \u00e9quipes, ils prendront soin de votre entreprise.<\/em><\/strong><\/p>\n\n\n\n<p><\/p>\n\n\n\n<p class=\"has-text-align-center\"><strong>TEAM BUILDING<\/strong><\/p>\n\n\n\n<p class=\"has-text-align-center\">Nous vous proposons de d\u00e9couvrir le centre ville de Besan\u00e7on avec un jeu de piste en \u00e9quipe.<\/p>\n\n\n\n<p><\/p>\n\n\n\n<p class=\"has-text-align-center\"><strong>SOIREE D&rsquo;ENTREPRISE <\/strong><\/p>\n\n\n\n<p class=\"has-text-align-center\">R\u00e9galez vos papilles, ap\u00e9ritif dinatoire, repas \u00e0 th\u00e8me.. tout est possible avec nos traiteurs de qualit\u00e9s.<\/p>\n\n\n\n<p class=\"has-text-align-center\">Animez votre soir\u00e9e avec un DJ qui saura mettre l&rsquo;ambiance et amus\u00e9 vos collaborateurs.<\/p>\n\n\n\n<p class=\"has-text-align-center\">Capturez vos moments magiques avec le photobooth, de jolis souvenirs garantis.<\/p>\n\n\n\n<div class=\"wp-block-columns is-layout-flex wp-container-core-columns-is-layout-9d6595d7 wp-block-columns-is-layout-flex\">\n<div class=\"wp-block-column is-layout-flow wp-block-column-is-layout-flow\" style=\"flex-basis:100%\"><\/div>\n<\/div>\n\n\n\n<p class=\"has-text-align-center\"><\/p>\n\n\n\n<div class=\"wp-block-columns is-layout-flex wp-container-core-columns-is-layout-9d6595d7 wp-block-columns-is-layout-flex\">\n<div class=\"wp-block-column is-layout-flow wp-block-column-is-layout-flow\"><\/div>\n\n\n\n<div class=\"wp-block-column is-layout-flow wp-block-column-is-layout-flow\"><\/div>\n<\/div>\n\n\n\n<p><\/p>\n\n\n\n<figure class=\"wp-block-gallery has-nested-images columns-default is-cropped wp-block-gallery-1 is-layout-flex wp-block-gallery-is-layout-flex\">\n<figure class=\"wp-block-image size-large\"><img fetchpriority=\"high\" decoding=\"async\" width=\"1024\" height=\"683\" data-id=\"287\" src=\"https:\/\/liloulevenement.com\/wp-content\/uploads\/2025\/02\/0156_HD-1-1-1024x683.jpg\" alt=\"\" class=\"wp-image-287\" srcset=\"https:\/\/liloulevenement.com\/wp-content\/uploads\/2025\/02\/0156_HD-1-1-1024x683.jpg 1024w, https:\/\/liloulevenement.com\/wp-content\/uploads\/2025\/02\/0156_HD-1-1-300x200.jpg 300w, https:\/\/liloulevenement.com\/wp-content\/uploads\/2025\/02\/0156_HD-1-1-768x512.jpg 768w, https:\/\/liloulevenement.com\/wp-content\/uploads\/2025\/02\/0156_HD-1-1-1536x1024.jpg 1536w\" sizes=\"(max-width: 1024px) 100vw, 1024px\" \/><\/figure>\n\n\n\n<figure class=\"wp-block-image size-large\"><img decoding=\"async\" width=\"768\" height=\"1024\" data-id=\"304\" src=\"https:\/\/liloulevenement.com\/wp-content\/uploads\/2025\/02\/IMG_20240622_181225-768x1024.jpg\" alt=\"\" class=\"wp-image-304\" srcset=\"https:\/\/liloulevenement.com\/wp-content\/uploads\/2025\/02\/IMG_20240622_181225-768x1024.jpg 768w, https:\/\/liloulevenement.com\/wp-content\/uploads\/2025\/02\/IMG_20240622_181225-225x300.jpg 225w, https:\/\/liloulevenement.com\/wp-content\/uploads\/2025\/02\/IMG_20240622_181225-1152x1536.jpg 1152w, https:\/\/liloulevenement.com\/wp-content\/uploads\/2025\/02\/IMG_20240622_181225-1536x2048.jpg 1536w, https:\/\/liloulevenement.com\/wp-content\/uploads\/2025\/02\/IMG_20240622_181225-scaled.jpg 1920w\" sizes=\"(max-width: 768px) 100vw, 768px\" \/><\/figure>\n\n\n\n<figure class=\"wp-block-image size-large\"><img decoding=\"async\" width=\"1024\" height=\"683\" data-id=\"79\" src=\"https:\/\/liloulevenement.com\/wp-content\/uploads\/2025\/02\/0031_HD-1-1024x683.jpg\" alt=\"\" class=\"wp-image-79\" srcset=\"https:\/\/liloulevenement.com\/wp-content\/uploads\/2025\/02\/0031_HD-1-1024x683.jpg 1024w, https:\/\/liloulevenement.com\/wp-content\/uploads\/2025\/02\/0031_HD-1-300x200.jpg 300w, https:\/\/liloulevenement.com\/wp-content\/uploads\/2025\/02\/0031_HD-1-768x512.jpg 768w, https:\/\/liloulevenement.com\/wp-content\/uploads\/2025\/02\/0031_HD-1-1536x1024.jpg 1536w\" sizes=\"(max-width: 1024px) 100vw, 1024px\" \/><\/figure>\n\n\n\n<figure class=\"wp-block-image size-large\"><img loading=\"lazy\" decoding=\"async\" width=\"768\" height=\"512\" data-id=\"153\" src=\"https:\/\/liloulevenement.com\/wp-content\/uploads\/2025\/02\/unnamed-4-768x512-1.jpg\" alt=\"\" class=\"wp-image-153\" srcset=\"https:\/\/liloulevenement.com\/wp-content\/uploads\/2025\/02\/unnamed-4-768x512-1.jpg 768w, https:\/\/liloulevenement.com\/wp-content\/uploads\/2025\/02\/unnamed-4-768x512-1-300x200.jpg 300w\" sizes=\"(max-width: 768px) 100vw, 768px\" \/><\/figure>\n\n\n\n<figure class=\"wp-block-image size-large\"><img loading=\"lazy\" decoding=\"async\" width=\"1024\" height=\"768\" data-id=\"314\" src=\"https:\/\/liloulevenement.com\/wp-content\/uploads\/2025\/02\/WhatsApp-Image-2020-09-27-at-21.10.45-1024x768.jpeg\" alt=\"\" class=\"wp-image-314\" srcset=\"https:\/\/liloulevenement.com\/wp-content\/uploads\/2025\/02\/WhatsApp-Image-2020-09-27-at-21.10.45-1024x768.jpeg 1024w, https:\/\/liloulevenement.com\/wp-content\/uploads\/2025\/02\/WhatsApp-Image-2020-09-27-at-21.10.45-300x225.jpeg 300w, https:\/\/liloulevenement.com\/wp-content\/uploads\/2025\/02\/WhatsApp-Image-2020-09-27-at-21.10.45-768x576.jpeg 768w, https:\/\/liloulevenement.com\/wp-content\/uploads\/2025\/02\/WhatsApp-Image-2020-09-27-at-21.10.45-1536x1152.jpeg 1536w, https:\/\/liloulevenement.com\/wp-content\/uploads\/2025\/02\/WhatsApp-Image-2020-09-27-at-21.10.45.jpeg 1600w\" sizes=\"(max-width: 1024px) 100vw, 1024px\" \/><\/figure>\n<\/figure>\n","protected":false},"excerpt":{"rendered":"<p>R\u00e9alisez une soir\u00e9e d&rsquo;entreprise, bas\u00e9e sur la bonne humeur et la coh\u00e9sion. Cette instant magique restera grav\u00e9 dans la m\u00e9moire de vos collaborateurs. Prenez soin de vos \u00e9quipes, ils prendront soin de votre entreprise. TEAM BUILDING Nous vous proposons de [&hellip;]<\/p>\n","protected":false},"author":1,"featured_media":0,"parent":0,"menu_order":0,"comment_status":"closed","ping_status":"closed","template":"","meta":{"footnotes":""},"class_list":["post-12","page","type-page","status-publish","hentry"],"_links":{"self":[{"href":"https:\/\/liloulevenement.com\/index.php\/wp-json\/wp\/v2\/pages\/12","targetHints":{"allow":["GET"]}}],"collection":[{"href":"https:\/\/liloulevenement.com\/index.php\/wp-json\/wp\/v2\/pages"}],"about":[{"href":"https:\/\/liloulevenement.com\/index.php\/wp-json\/wp\/v2\/types\/page"}],"author":[{"embeddable":true,"href":"https:\/\/liloulevenement.com\/index.php\/wp-json\/wp\/v2\/users\/1"}],"replies":[{"embeddable":true,"href":"https:\/\/liloulevenement.com\/index.php\/wp-json\/wp\/v2\/comments?post=12"}],"version-history":[{"count":6,"href":"https:\/\/liloulevenement.com\/index.php\/wp-json\/wp\/v2\/pages\/12\/revisions"}],"predecessor-version":[{"id":317,"href":"https:\/\/liloulevenement.com\/index.php\/wp-json\/wp\/v2\/pages\/12\/revisions\/317"}],"wp:attachment":[{"href":"https:\/\/liloulevenement.com\/index.php\/wp-json\/wp\/v2\/media?parent=12"}],"curies":[{"name":"wp","href":"https:\/\/api.w.org\/{rel}","templated":true}]}}